{"id":1202,"date":"2023-10-19T19:13:07","date_gmt":"2023-10-19T17:13:07","guid":{"rendered":"https:\/\/vending.rs\/?page_id=1202"},"modified":"2025-11-10T13:19:42","modified_gmt":"2025-11-10T12:19:42","slug":"contact","status":"publish","type":"page","link":"https:\/\/vending.rs\/en\/contact\/","title":{"rendered":"Contact"},"content":{"rendered":"<div class=\"jas-row\">\n<div class=\"jas-col-md-8 jas-col-sm-12 jas-col-xs-12\">\n<div class=\"contact-i\">\n<div class=\"group-c-pr\">\n<h2><img decoding=\"async\" src=\"https:\/\/vending.rs\/files\/pin-01.svg\" alt=\"Location | Vending\" class=\"map-p-t\"> Head office<\/h2>\n<p><a href=\"https:\/\/www.google.com\/maps\/place\/Vending+doo\/@44.7540119,20.4521178,97m\/data=!3m1!1e3!4m7!3m6!1s0x475a71a117df1bf3:0x486cc26dd2d2aa51!4b1!8m2!3d44.7540929!4d20.4522348!16s%2Fg%2F11_tqqm56?entry=ttu&#038;hl=sr\" target=\"_blank\" rel=\"noopener\"><strong>Vukasovi\u0107eva 21 M, 11090, Beograd<\/strong><\/a><br \/>\n<span class=\"lis-s\">Working time:<\/span> 07:00-16:00<br \/>\n<span class=\"lis-s\">Tel:<\/span> <a href=\"tel:+381113514304\">011 351 43 04<\/a><br \/>\n<span class=\"decos prs\"><\/span><\/p>\n<h2><img decoding=\"async\" src=\"https:\/\/vending.rs\/files\/pin-01.svg\" alt=\"Location | Vending\" class=\"map-p-t\"> Coffee machine service<\/h2>\n<p><a href=\"https:\/\/www.google.com\/maps\/place\/Vending+doo\/@44.7540119,20.4521178,97m\/data=!3m1!1e3!4m7!3m6!1s0x475a71a117df1bf3:0x486cc26dd2d2aa51!4b1!8m2!3d44.7540929!4d20.4522348!16s%2Fg%2F11_tqqm56?entry=ttu&#038;hl=sr\" target=\"_blank\" rel=\"noopener\"><strong>Vukasovi\u0107eva 21 M, 11090, Beograd<\/strong><\/a><br \/>\n<span class=\"lis-s\">Working time:<\/span> 07:00-15:00<br \/>\n<span class=\"lis-s\">Tel:<\/span> <a href=\"tel:+381628868941\">062 886 89 41<\/a>\n<\/div>\n<h2 class=\"specs-h2l\">Warehouses<\/h2>\n<div class=\"group-c-pr gcp-4\">\n<div class=\"gcp-4-in\">\n<h2 class=\"spc-ns\"><img decoding=\"async\" src=\"https:\/\/vending.rs\/files\/pin-02.svg\" alt=\"Location | Vending\" class=\"map-p-t\"> Beograd<\/h2>\n<p><a href=\"https:\/\/www.google.com\/maps\/place\/Vending+doo+Magacin+Beograd\/@44.8818702,20.3091529,800m\/data=!3m1!1e3!4m14!1m7!3m6!1s0x475a65f1630e4129:0xa7aaef835c13f678!2sVending+doo+Magacin+Beograd!8m2!3d44.8818702!4d20.3117278!16s%2Fg%2F11h1dgfjyc!3m5!1s0x475a65f1630e4129:0xa7aaef835c13f678!8m2!3d44.8818702!4d20.3117278!16s%2Fg%2F11h1dgfjyc?entry=ttu&#038;hl=sr\" rel=\"noopener\" target=\"_blank\"><strong>Batajni\u010dki drum 16-ti deo br.15<\/strong><\/a><br \/>\n<span class=\"lis-s\">Working time:<\/span> 07:00-15:00<br \/>\n<span class=\"lis-s\">Tel:<\/span> <a href=\"tel:+381631049693\">063 104 96 93<\/a>\n<\/div>\n<div class=\"gcp-4-in\">\n<h2 class=\"spc-ns\"><img decoding=\"async\" src=\"https:\/\/vending.rs\/files\/pin-03.svg\" alt=\"Location | Vending\" class=\"map-p-t\"> Ni\u0161<\/h2>\n<p><a href=\"https:\/\/www.google.com\/maps\/place\/Vending+Ni%C5%A1\/@43.3124712,21.7941552,732m\/data=!3m1!1e3!4m10!1m2!2m1!1sVending+doo+Magacin+ni%C5%A1!3m6!1s0x4755b9491b001c2f:0x7e4659598ff29479!8m2!3d43.311418!4d21.7944932!15sChhWZW5kaW5nIGRvbyBNYWdhY2luIG5pxaEiA4gBAZIBCXdhcmVob3VzZeABAA!16s%2Fg%2F11vbwwntbr?entry=ttu&#038;hl=sr\" rel=\"noopener\" target=\"_blank\"><strong>Topli\u010dki partizanski odred b.b.<\/strong><\/a><br \/>\n<span class=\"lis-s\">Working time:<\/span> 07:00-15:00<br \/>\n<span class=\"lis-s\">Tel:<\/span> <a href=\"tel:+38163485670\">063 485 670<\/a>\n<\/div>\n<div class=\"gcp-4-in\">\n<h2 class=\"spc-ns\"><img decoding=\"async\" src=\"https:\/\/vending.rs\/files\/pin-04.svg\" alt=\"Location | Vending\" class=\"map-p-t\"> Novi Sad<\/h2>\n<p><a href=\"https:\/\/www.google.com\/maps\/place\/Vending+Magacin+Novi+Sad\/@45.287146,19.7982863,136m\/data=!3m1!1e3!4m14!1m7!3m6!1s0x475b11fa0d2e1cb5:0xcb039f7b2d9fe3ee!2sVending+Magacin+Novi+Sad!8m2!3d45.2875336!4d19.7984264!16s%2Fg%2F11r8fdhqz2!3m5!1s0x475b11fa0d2e1cb5:0xcb039f7b2d9fe3ee!8m2!3d45.2875336!4d19.7984264!16s%2Fg%2F11r8fdhqz2?entry=ttu&#038;hl=sr\" rel=\"noopener\" target=\"_blank\"><strong>Primorska 88<\/strong><\/a><br \/>\n<span class=\"lis-s\">Working time:<\/span> 07:00-15:00<br \/>\n<span class=\"lis-s\">Tel:<\/span> <a href=\"tel:+38163488157\">063 488 157<\/a>\n<\/div>\n<div class=\"gcp-4-in\">\n<h2 class=\"spc-ns\"><img decoding=\"async\" src=\"https:\/\/vending.rs\/files\/pin-05.svg\" alt=\"Location | Vending\" class=\"map-p-t\"> \u010ca\u010dak<\/h2>\n<p><a href=\"http:\/\/google.com\/maps\/search\/Bra%C4%87e+Stani%C4%87,+%C4%8Ca%C4%8Dak\/@43.8790818,20.3727841,17.75z?entry=ttu&#038;g_ep=EgoyMDI1MTEwNS4wIKXMDSoASAFQAw%3D%3D\" rel=\"noopener\" target=\"_blank\"><strong>Bra\u0107e Stani\u0107 bb<\/strong><\/a><br \/>\n<span class=\"lis-s\">Working time:<\/span> 07:00-15:00<br \/>\n<span class=\"lis-s\">Tel:<\/span> <a href=\"tel:+381631049845\">063 104 98 45<\/a>\n<\/div>\n<div class=\"gcp-4-in\">\n<h2 class=\"spc-ns\"><img decoding=\"async\" src=\"https:\/\/vending.rs\/files\/pin-06.svg\" alt=\"Location | Vending\" class=\"map-p-t\"> Bavani\u0161te<\/h2>\n<p><a href=\"https:\/\/www.google.com\/maps\/place\/Vending+doo+Magacin+Bavani%C5%A1te\/@44.8259343,20.8868851,283m\/data=!3m1!1e3!4m14!1m7!3m6!1s0x47508721494dcdab:0xf3eb347364d1a3cd!2sVending+doo+Magacin+Bavani%C5%A1te!8m2!3d44.8259111!4d20.887891!16s%2Fg%2F11v5dn79q2!3m5!1s0x47508721494dcdab:0xf3eb347364d1a3cd!8m2!3d44.8259111!4d20.887891!16s%2Fg%2F11v5dn79q2?entry=ttu&#038;hl=sr\" rel=\"noopener\" target=\"_blank\"><strong>Veljka Vlahovi\u0107a b.b.<\/strong><\/a><br \/>\n<span class=\"lis-s\">Working time:<\/span> 07:00-15:00<br \/>\n<span class=\"lis-s\">Tel:<\/span> <a href=\"tel:+381631049842\">063 104 98 42<\/a>\n<\/div>\n<\/div>\n<\/div>\n<\/div>\n<div class=\"jas-col-md-4 jas-col-sm-12 jas-col-xs-12\">\n<div class=\"cv-send\">\n<h2>Contact Us<\/h2>\n\n<div class=\"wpcf7 no-js\" id=\"wpcf7-f1255-o1\" lang=\"en-US\" dir=\"ltr\" data-wpcf7-id=\"1255\">\n<div class=\"screen-reader-response\"><p role=\"status\" aria-live=\"polite\" aria-atomic=\"true\"><\/p> <ul><\/ul><\/div>\n<form action=\"\/en\/wp-json\/wp\/v2\/pages\/1202#wpcf7-f1255-o1\" method=\"post\" class=\"wpcf7-form init\" aria-label=\"Contact form\" novalidate=\"novalidate\" data-status=\"init\">\n<fieldset class=\"hidden-fields-container\"><input type=\"hidden\" name=\"_wpcf7\" value=\"1255\" \/><input type=\"hidden\" name=\"_wpcf7_version\" value=\"6.1.3\" \/><input type=\"hidden\" name=\"_wpcf7_locale\" value=\"en_US\" \/><input type=\"hidden\" name=\"_wpcf7_unit_tag\" value=\"wpcf7-f1255-o1\" \/><input type=\"hidden\" name=\"_wpcf7_container_post\" value=\"0\" \/><input type=\"hidden\" name=\"_wpcf7_posted_data_hash\" value=\"\" \/><input type=\"hidden\" name=\"_wpcf7_recaptcha_response\" value=\"\" \/>\n<\/fieldset>\n<div class=\"jas-row frm frm-srvs\">\n\t<div class=\"jas-col-md-12 jas-col-sm-12 jas-col-xs-12\">\n\t\t<p><label> Company name<br \/>\n<span class=\"wpcf7-form-control-wrap\" data-name=\"ime-prezime\"><input size=\"40\" maxlength=\"400\" class=\"wpcf7-form-control wpcf7-text wpcf7-validates-as-required\" aria-required=\"true\" aria-invalid=\"false\" value=\"\" type=\"text\" name=\"ime-prezime\" \/><\/span> <\/label>\n\t\t<\/p>\n\t<\/div>\n\t<div class=\"jas-col-md-12 jas-col-sm-12 jas-col-xs-12\">\n\t\t<p><label> E-mail<br \/>\n<span class=\"wpcf7-form-control-wrap\" data-name=\"e-posta\"><input size=\"40\" maxlength=\"400\" class=\"wpcf7-form-control wpcf7-email wpcf7-validates-as-required wpcf7-text wpcf7-validates-as-email\" aria-required=\"true\" aria-invalid=\"false\" value=\"\" type=\"email\" name=\"e-posta\" \/><\/span> <\/label>\n\t\t<\/p>\n\t<\/div>\n\t<div class=\"jas-col-md-12 jas-col-sm-12 jas-col-xs-12\">\n\t\t<p><label> City<br \/>\n<span class=\"wpcf7-form-control-wrap\" data-name=\"grad\"><input size=\"40\" maxlength=\"400\" class=\"wpcf7-form-control wpcf7-text wpcf7-validates-as-required\" aria-required=\"true\" aria-invalid=\"false\" value=\"\" type=\"text\" name=\"grad\" \/><\/span> <\/label>\n\t\t<\/p>\n\t<\/div>\n\t<div class=\"jas-col-md-12 jas-col-sm-12 jas-col-xs-12\">\n\t\t<p><label> Phone<br \/>\n<span class=\"wpcf7-form-control-wrap\" data-name=\"telefon\"><input size=\"40\" maxlength=\"400\" class=\"wpcf7-form-control wpcf7-text wpcf7-validates-as-required\" aria-required=\"true\" aria-invalid=\"false\" value=\"\" type=\"text\" name=\"telefon\" \/><\/span> <\/label>\n\t\t<\/p>\n\t<\/div>\n\t<div class=\"jas-col-md-12 jas-col-sm-12 jas-col-xs-12\">\n\t\t<p><label> Message<br \/>\n<span class=\"wpcf7-form-control-wrap\" data-name=\"poruka\"><textarea cols=\"40\" rows=\"10\" maxlength=\"2000\" class=\"wpcf7-form-control wpcf7-textarea wpcf7-validates-as-required\" aria-required=\"true\" aria-invalid=\"false\" name=\"poruka\"><\/textarea><\/span> <\/label>\n\t\t<\/p>\n\t<\/div>\n\t<div class=\"jas-col-md-12 jas-col-sm-12 jas-col-xs-12\">\n\t\t<p><input class=\"wpcf7-form-control wpcf7-submit has-spinner\" type=\"submit\" value=\"Send\" \/>\n\t\t<\/p>\n\t<\/div>\n\t<div class=\"jas-col-md-12 jas-col-sm-12 jas-col-xs-12\">\n\t\t<p><span class=\"naps\">* All fields are required<\/span>\n\t\t<\/p>\n\t<\/div>\n<\/div><div class=\"wpcf7-response-output\" aria-hidden=\"true\"><\/div>\n<\/form>\n<\/div>\n<\/div>\n<\/div>\n<\/div>\n","protected":false},"excerpt":{"rendered":"<p>Head office Vukasovi\u0107eva 21 M, 11090, Beograd Working time: 07:00-16:00 Tel: 011 351 43 04 Coffee machine service Vukasovi\u0107eva 21 M, 11090, Beograd Working time: 07:00-15:00 Tel: 062 886 89 41 Warehouses Beograd Batajni\u010dki drum 16-ti deo br.15 Working time: 07:00-15:00 Tel: 063 104 96 93 Ni\u0161 Topli\u010dki partizanski odred b.b. Working time: 07:00-15:00 Tel: [&hellip;]<\/p>\n","protected":false},"author":1,"featured_media":453,"parent":0,"menu_order":8,"comment_status":"closed","ping_status":"closed","template":"page-full.php","meta":{"footnotes":""},"class_list":["post-1202","page","type-page","status-publish","has-post-thumbnail","hentry"],"acf":[],"_links":{"self":[{"href":"https:\/\/vending.rs\/en\/wp-json\/wp\/v2\/pages\/1202","targetHints":{"allow":["GET"]}}],"collection":[{"href":"https:\/\/vending.rs\/en\/wp-json\/wp\/v2\/pages"}],"about":[{"href":"https:\/\/vending.rs\/en\/wp-json\/wp\/v2\/types\/page"}],"author":[{"embeddable":true,"href":"https:\/\/vending.rs\/en\/wp-json\/wp\/v2\/users\/1"}],"replies":[{"embeddable":true,"href":"https:\/\/vending.rs\/en\/wp-json\/wp\/v2\/comments?post=1202"}],"version-history":[{"count":6,"href":"https:\/\/vending.rs\/en\/wp-json\/wp\/v2\/pages\/1202\/revisions"}],"predecessor-version":[{"id":1407,"href":"https:\/\/vending.rs\/en\/wp-json\/wp\/v2\/pages\/1202\/revisions\/1407"}],"wp:featuredmedia":[{"embeddable":true,"href":"https:\/\/vending.rs\/en\/wp-json\/wp\/v2\/media\/453"}],"wp:attachment":[{"href":"https:\/\/vending.rs\/en\/wp-json\/wp\/v2\/media?parent=1202"}],"curies":[{"name":"wp","href":"https:\/\/api.w.org\/{rel}","templated":true}]}}